{"id":5576,"date":"2026-04-05T18:41:58","date_gmt":"2026-04-05T18:41:58","guid":{"rendered":"https:\/\/telefix.ca\/?page_id=5576"},"modified":"2026-04-05T19:07:10","modified_gmt":"2026-04-05T19:07:10","slug":"a-propos-de-nous","status":"publish","type":"page","link":"https:\/\/telefix.ca\/en\/a-propos-de-nous\/","title":{"rendered":"A propos de nous"},"content":{"rendered":"<div data-elementor-type=\"wp-page\" data-elementor-id=\"5576\" class=\"elementor elementor-5576\">\n\t\t\t\t<div class=\"elementor-element elementor-element-1be9a70 e-flex e-con-boxed e-con e-parent\" data-id=\"1be9a70\" data-element_type=\"container\" data-e-type=\"container\">\n\t\t\t\t\t<div class=\"e-con-inner\">\n\t\t\t\t<div class=\"elementor-element elementor-element-4c4ef83 elementor-widget elementor-widget-text-editor\" data-id=\"4c4ef83\" data-element_type=\"widget\" data-e-type=\"widget\" data-widget_type=\"text-editor.default\">\n\t\t\t\t\t\t\t\t\t<p><i><span style=\"font-weight: 400;\">Depuis 5 ans, <\/span><\/i><b><i>Telefix<\/i><\/b><i><span style=\"font-weight: 400;\"> red\u00e9finit l&#8217;acc\u00e8s \u00e0 la technologie d&#8217;exception. En tant que <\/span><\/i><b><i>liquidateur agr\u00e9\u00e9 Best Buy<\/i><\/b><i><span style=\"font-weight: 400;\">, nous s\u00e9lectionnons pour vous le meilleur du haut de gamme \u00e0 des prix d\u00e9fiant toute concurrence \u2014 jusqu&#8217;\u00e0 <\/span><\/i><b><i>40 % de rabais<\/i><\/b><i><span style=\"font-weight: 400;\"> sur le prix du neuf.<\/span><\/i><\/p><p><i><span style=\"font-weight: 400;\">\u00ab Ce qu&#8217;on fait r\u00e9ellement ? On cr\u00e9e un pont s\u00e9curis\u00e9 entre les inventaires haut de gamme de <\/span><\/i><b><i>Best Buy<\/i><\/b><i><span style=\"font-weight: 400;\"> et votre budget. Concr\u00e8tement, on r\u00e9cup\u00e8re des produits premium, on les inspecte rigoureusement pour s&#8217;assurer qu&#8217;ils sont impeccables, et on vous les propose avec <\/span><\/i><b><i>40 % de rabais<\/i><\/b><i><span style=\"font-weight: 400;\">. En gros, on vous offre la qualit\u00e9 du neuf, le prix de l&#8217;usag\u00e9, et la s\u00e9curit\u00e9 d&#8217;une garantie solide. \u00bb<\/span><\/i><\/p>\t\t\t\t\t\t\t\t<\/div>\n\t\t\t\t\t<\/div>\n\t\t\t\t<\/div>\n\t\t<div class=\"elementor-element elementor-element-d9f0ce4 e-flex e-con-boxed e-con e-parent\" data-id=\"d9f0ce4\" data-element_type=\"container\" data-e-type=\"container\">\n\t\t\t\t\t<div class=\"e-con-inner\">\n\t\t\t\t<div class=\"elementor-element elementor-element-143affd elementor-widget elementor-widget-heading\" data-id=\"143affd\" data-element_type=\"widget\" data-e-type=\"widget\" data-widget_type=\"heading.default\">\n\t\t\t\t\t<h5 class=\"elementor-heading-title elementor-size-default\">NOTRE VISION<\/h5>\t\t\t\t<\/div>\n\t\t\t\t<div class=\"elementor-element elementor-element-492a59b elementor-widget elementor-widget-text-editor\" data-id=\"492a59b\" data-element_type=\"widget\" data-e-type=\"widget\" data-widget_type=\"text-editor.default\">\n\t\t\t\t\t\t\t\t\t<p><i><span style=\"font-weight: 400;\">Notre vision est de devenir le premier r\u00e9flexe de tout acheteur technologique au Qu\u00e9bec. Nous voulons prouver que choisir le haut de gamme ne devrait jamais \u00eatre un sacrifice financier, mais un investissement intelligent. Chez Telefix, l&#8217;avenir de la tech est <\/span><\/i><b><i>circulaire, certifi\u00e9 et accessible<\/i><\/b><i><span style=\"font-weight: 400;\"> \u00e0 tous.<\/span><\/i><\/p>\t\t\t\t\t\t\t\t<\/div>\n\t\t\t\t\t<\/div>\n\t\t\t\t<\/div>\n\t\t<div class=\"elementor-element elementor-element-cb90891 e-flex e-con-boxed e-con e-parent\" data-id=\"cb90891\" data-element_type=\"container\" data-e-type=\"container\">\n\t\t\t\t\t<div class=\"e-con-inner\">\n\t\t\t\t<div class=\"elementor-element elementor-element-94bf003 elementor-widget elementor-widget-heading\" data-id=\"94bf003\" data-element_type=\"widget\" data-e-type=\"widget\" data-widget_type=\"heading.default\">\n\t\t\t\t\t<h5 class=\"elementor-heading-title elementor-size-default\">COMMENT CELA A COMMENCE ?<\/h5>\t\t\t\t<\/div>\n\t\t\t\t<div class=\"elementor-element elementor-element-d5de9a2 elementor-widget elementor-widget-text-editor\" data-id=\"d5de9a2\" data-element_type=\"widget\" data-e-type=\"widget\" data-widget_type=\"text-editor.default\">\n\t\t\t\t\t\t\t\t\t<p><i><span style=\"font-weight: 400;\">L&#8217;aventure Telefix a d\u00e9but\u00e9 avec la conviction que &#8220;usag\u00e9&#8221; ne devrait pas rimer avec &#8220;risqu\u00e9&#8221;. Passionn\u00e9s par l&#8217;\u00e9lectronique de pointe, nous avons lanc\u00e9 Telefix pour offrir une alternative intelligente au march\u00e9 traditionnel. En obtenant l&#8217;accr\u00e9ditation de <\/span><\/i><b><i>Best Buy<\/i><\/b><i><span style=\"font-weight: 400;\">, nous avons franchi une \u00e9tape d\u00e9cisive pour s\u00e9curiser vos achats. Sept ans plus tard, notre atelier est devenu une r\u00e9f\u00e9rence du haut de gamme, o\u00f9 chaque appareil raconte une histoire de performance retrouv\u00e9e et d&#8217;\u00e9conomies r\u00e9elles.<\/span><\/i><\/p>\t\t\t\t\t\t\t\t<\/div>\n\t\t\t\t\t<\/div>\n\t\t\t\t<\/div>\n\t\t<div class=\"elementor-element elementor-element-5edfd11 e-flex e-con-boxed e-con e-parent\" data-id=\"5edfd11\" data-element_type=\"container\" data-e-type=\"container\">\n\t\t\t\t\t<div class=\"e-con-inner\">\n\t\t\t\t<div class=\"elementor-element elementor-element-b03b110 elementor-widget elementor-widget-heading\" data-id=\"b03b110\" data-element_type=\"widget\" data-e-type=\"widget\" data-widget_type=\"heading.default\">\n\t\t\t\t\t<h5 class=\"elementor-heading-title elementor-size-default\">COLLABORER AVEC NOUS<\/h5>\t\t\t\t<\/div>\n\t\t\t\t<div class=\"elementor-element elementor-element-f94338b elementor-widget elementor-widget-text-editor\" data-id=\"f94338b\" data-element_type=\"widget\" data-e-type=\"widget\" data-widget_type=\"text-editor.default\">\n\t\t\t\t\t\t\t\t\t<p><i><span style=\"font-weight: 400;\">Vous recherchez un partenaire fiable pour votre parc informatique ou audiovisuel ? Telefix combine la puissance du <\/span><\/i><b><i>mat\u00e9riel haut de gamme<\/i><\/b><i><span style=\"font-weight: 400;\"> et l&#8217;agilit\u00e9 d&#8217;un centre de services expert.<\/span><\/i><\/p><ul><li style=\"font-weight: 400;\" aria-level=\"1\"><b><i>Technologie de pointe :<\/i><\/b><i><span style=\"font-weight: 400;\"> Acc\u00e8s prioritaire aux nouveaut\u00e9s de derni\u00e8re g\u00e9n\u00e9ration.<\/span><\/i><\/li><\/ul><ul><li style=\"font-weight: 400;\" aria-level=\"1\"><b><i>Expertise technique :<\/i><\/b><i><span style=\"font-weight: 400;\"> Un centre de r\u00e9paration sur place anim\u00e9 par des techniciens chevronn\u00e9s.<\/span><\/i><\/li><\/ul><ul><li style=\"font-weight: 400;\" aria-level=\"1\"><b><i>Soutien total :<\/i><\/b><i><span style=\"font-weight: 400;\"> Un service apr\u00e8s-vente d\u00e9di\u00e9 et une garantie solide sur chaque article.<\/span><\/i><\/li><\/ul><p><i><span style=\"font-weight: 400;\">Depuis 7 ans, nous aidons nos partenaires \u00e0 s&#8217;\u00e9quiper intelligemment. Joignez-vous \u00e0 nous pour b\u00e9n\u00e9ficier d&#8217;un service premium au prix de la liquidation.<\/span><\/i><\/p>\t\t\t\t\t\t\t\t<\/div>\n\t\t\t\t\t<\/div>\n\t\t\t\t<\/div>\n\t\t<div class=\"elementor-element elementor-element-fb4d735 e-flex e-con-boxed e-con e-parent\" data-id=\"fb4d735\" data-element_type=\"container\" data-e-type=\"container\">\n\t\t\t\t\t<div class=\"e-con-inner\">\n\t\t\t\t<div class=\"elementor-element elementor-element-d81a21f elementor-widget elementor-widget-heading\" data-id=\"d81a21f\" data-element_type=\"widget\" data-e-type=\"widget\" data-widget_type=\"heading.default\">\n\t\t\t\t\t<h5 class=\"elementor-heading-title elementor-size-default\">QUE POUVONS NOUS FAIRE POUR VOUS ?<\/h5>\t\t\t\t<\/div>\n\t\t\t\t\t<\/div>\n\t\t\t\t<\/div>\n\t\t\t\t<\/div>","protected":false},"excerpt":{"rendered":"<p>Depuis 5 ans, Telefix red\u00e9finit l&#8217;acc\u00e8s \u00e0 la technologie d&#8217;exception. En tant que liquidateur agr\u00e9\u00e9 Best Buy, nous s\u00e9lectionnons pour vous le meilleur du haut de gamme \u00e0 des prix<\/p>","protected":false},"author":1,"featured_media":0,"parent":0,"menu_order":0,"comment_status":"closed","ping_status":"closed","template":"","meta":{"_acf_changed":false,"footnotes":""},"class_list":["post-5576","page","type-page","status-publish","hentry"],"acf":[],"_hostinger_reach_plugin_has_subscription_block":false,"_hostinger_reach_plugin_is_elementor":false,"jetpack_sharing_enabled":true,"_links":{"self":[{"href":"https:\/\/telefix.ca\/en\/wp-json\/wp\/v2\/pages\/5576","targetHints":{"allow":["GET"]}}],"collection":[{"href":"https:\/\/telefix.ca\/en\/wp-json\/wp\/v2\/pages"}],"about":[{"href":"https:\/\/telefix.ca\/en\/wp-json\/wp\/v2\/types\/page"}],"author":[{"embeddable":true,"href":"https:\/\/telefix.ca\/en\/wp-json\/wp\/v2\/users\/1"}],"replies":[{"embeddable":true,"href":"https:\/\/telefix.ca\/en\/wp-json\/wp\/v2\/comments?post=5576"}],"version-history":[{"count":7,"href":"https:\/\/telefix.ca\/en\/wp-json\/wp\/v2\/pages\/5576\/revisions"}],"predecessor-version":[{"id":5588,"href":"https:\/\/telefix.ca\/en\/wp-json\/wp\/v2\/pages\/5576\/revisions\/5588"}],"wp:attachment":[{"href":"https:\/\/telefix.ca\/en\/wp-json\/wp\/v2\/media?parent=5576"}],"curies":[{"name":"wp","href":"https:\/\/api.w.org\/{rel}","templated":true}]}}